{"id":150,"date":"2018-09-26T11:05:43","date_gmt":"2018-09-26T09:05:43","guid":{"rendered":"http:\/\/cm-annefrank.blog.ac-lyon.fr\/?page_id=150"},"modified":"2020-09-25T06:55:48","modified_gmt":"2020-09-25T04:55:48","slug":"accueil","status":"publish","type":"page","link":"https:\/\/cm-annefrank.edu69.ac-lyon.fr\/","title":{"rendered":"Accueil"},"content":{"rendered":"\n<h2 class=\"wp-block-heading\">Bienvenue sur le blog des <br>CM1-CM2 de l&rsquo;\u00e9cole Anne Frank.<\/h2>\n\n\n\n<p>Dans ce blog, vous trouverez des articles sur la vie de la classe, des informations sur l&rsquo;\u00e9cole. Vous pourrez \u00e9galement consulter les devoirs et les le\u00e7ons et r\u00e9aliser des petits d\u00e9fis en famille \u00e0 chaque veille de vacances&#8230;<\/p>\n\n\n\n<p>Bonne navigation !<\/p>\n","protected":false},"excerpt":{"rendered":"<p>Bienvenue sur le blog des CM1-CM2 de l&rsquo;\u00e9cole Anne Frank. Dans ce blog, vous trouverez des articles sur la vie de la classe, des informations sur l&rsquo;\u00e9cole. Vous pourrez \u00e9galement consulter les devoirs et les le\u00e7ons et r\u00e9aliser des petits&#8230; <a class=\"more-link\" href=\"https:\/\/cm-annefrank.edu69.ac-lyon.fr\/\">Lire la suite &rarr;<\/a><\/p>\n","protected":false},"author":1160,"featured_media":0,"parent":0,"menu_order":0,"comment_status":"closed","ping_status":"closed","template":"","meta":{"inline_featured_image":false,"advgb_blocks_editor_width":"","advgb_blocks_columns_visual_guide":"","_themeisle_gutenberg_block_has_review":false,"footnotes":""},"class_list":["post-150","page","type-page","status-publish","hentry"],"coauthors":[],"author_meta":{"author_link":"https:\/\/cm-annefrank.edu69.ac-lyon.fr\/?author=1160","display_name":"ma\u00eetresse"},"relative_dates":{"created":"Publi\u00e9 8 ans il y a","modified":"Mis \u00e0 jour 6 ans il y a"},"absolute_dates":{"created":"Publi\u00e9 le 26 septembre 2018","modified":"Mise \u00e0 jour le 25 septembre 2020"},"absolute_dates_time":{"created":"Publi\u00e9 le 26 septembre 2018 11 h 05 min","modified":"Mise \u00e0 jour le 25 septembre 2020 6 h 55 min"},"featured_img_caption":"","featured_img":false,"series_order":"","publishpress_future_action":{"enabled":false,"date":"2026-04-19 17:10:55","action":"change-status","newStatus":"draft","terms":[],"taxonomy":"","extraData":[]},"publishpress_future_workflow_manual_trigger":{"enabledWorkflows":[]},"_links":{"self":[{"href":"https:\/\/cm-annefrank.edu69.ac-lyon.fr\/index.php?rest_route=\/wp\/v2\/pages\/150","targetHints":{"allow":["GET"]}}],"collection":[{"href":"https:\/\/cm-annefrank.edu69.ac-lyon.fr\/index.php?rest_route=\/wp\/v2\/pages"}],"about":[{"href":"https:\/\/cm-annefrank.edu69.ac-lyon.fr\/index.php?rest_route=\/wp\/v2\/types\/page"}],"author":[{"embeddable":true,"href":"https:\/\/cm-annefrank.edu69.ac-lyon.fr\/index.php?rest_route=\/wp\/v2\/users\/1160"}],"replies":[{"embeddable":true,"href":"https:\/\/cm-annefrank.edu69.ac-lyon.fr\/index.php?rest_route=%2Fwp%2Fv2%2Fcomments&post=150"}],"version-history":[{"count":28,"href":"https:\/\/cm-annefrank.edu69.ac-lyon.fr\/index.php?rest_route=\/wp\/v2\/pages\/150\/revisions"}],"predecessor-version":[{"id":2122,"href":"https:\/\/cm-annefrank.edu69.ac-lyon.fr\/index.php?rest_route=\/wp\/v2\/pages\/150\/revisions\/2122"}],"wp:attachment":[{"href":"https:\/\/cm-annefrank.edu69.ac-lyon.fr\/index.php?rest_route=%2Fwp%2Fv2%2Fmedia&parent=150"}],"curies":[{"name":"wp","href":"https:\/\/api.w.org\/{rel}","templated":true}]}}